{"id":43,"date":"2020-02-09T16:00:20","date_gmt":"2020-02-09T15:00:20","guid":{"rendered":"https:\/\/dreampix.mediaworker.de\/?page_id=43"},"modified":"2023-08-27T15:42:54","modified_gmt":"2023-08-27T13:42:54","slug":"modells-gesucht","status":"publish","type":"page","link":"https:\/\/dreampix.mediaworker.de\/?page_id=43","title":{"rendered":"Modells gesucht"},"content":{"rendered":"\n<div class=\"wp-block-uagb-section uagb-section__wrap uagb-section__background-color uagb-block-2018b620 animated fadeIn\"><div class=\"uagb-section__overlay\"><\/div><div class=\"uagb-section__inner-wrap\">\n<h2 id=\"wp-block-themeisle-blocks-advanced-heading-4a4eaf77\" class=\"wp-block-themeisle-blocks-advanced-heading wp-block-themeisle-blocks-advanced-heading-4a4eaf77\">Auf der Suche&#8230;<\/h2>\n\n\n\n<div class=\"wp-block-columns is-layout-flex wp-container-core-columns-is-layout-9d6595d7 wp-block-columns-is-layout-flex\">\n<div class=\"wp-block-column is-layout-flow wp-block-column-is-layout-flow\" style=\"flex-basis:66.66%\">\n<p>Ich bin st\u00e4ndig auf der Suche nach interessanten weiblichen Modells, und solchen die es einmal werden m\u00f6chten.<\/p>\n\n\n\n<p>Wichtig ist f\u00fcr mich nicht der makellose Teint, sondern eine tolle Ausstrahlung. F\u00fcr alles Andere bin ich ja auch Bildbearbeiter;-).<br>Sehr gern arbeite ich mit Newcomern!<\/p>\n\n\n\n<p>Wer mit mir Shooten m\u00f6chte, der sollte auch die Zeit dazu haben.<br>F\u00fcr ein Shooting sollte man mind. 4 Stunden einplanen!<\/p>\n\n\n\n<p>Was ich suche:<br>Zuverl\u00e4ssigkeit, tolle Ausstrahlung, interessantes \u00c4u\u00dferes, Experimentierfreudigkeit, Nat\u00fcrlichkeit, Offenheit, Leidenschaft am Shooten, schlank bis normal, lieber kleiner als gro\u00df\u2026<\/p>\n\n\n\n<p><em>\u201eZeitdruck ist der Tod guter Bilder, noch bevor sie geboren sind\u201c<br>(Zitat eines Kollegen)<\/em><\/p>\n\n\n\n<p>Bewerbungen f\u00fcr ein Shooting bitte an die im Impressum genannte EMail-Adresse.<\/p>\n\n\n\n<p>Einige Angaben bei der Bewerbung w\u00e4ren sehr hilfreich: Alter, Gr\u00f6\u00dfe, Gewicht, Adresse, Kommunikationsm\u00f6glichkeit (Tel.-Nr., Facebook\u2026), wenn m\u00f6glich ein Ganzk\u00f6rperfoto(bekleidet).<\/p>\n\n\n\n<p>Hier zur Einsicht meine derzeitige <a href=\"https:\/\/dreampix.mediaworker.de\/wp-content\/uploads\/sites\/4\/2020\/02\/Modellvereinbarung_TFP_dreampix.pdf\" target=\"_blank\" rel=\"noreferrer noopener\">TFP\/ TFCD-Modelvereinbarung [als PDF-Datei]<\/a><\/p>\n<\/div>\n\n\n\n<div class=\"wp-block-column is-layout-flow wp-block-column-is-layout-flow\" style=\"flex-basis:40%\">\n<figure class=\"wp-block-image size-full ticss-79c3a420\"><img loading=\"lazy\" decoding=\"async\" width=\"330\" height=\"495\" src=\"https:\/\/dreampix.mediaworker.de\/wp-content\/uploads\/sites\/4\/2020\/02\/IMG_2962.jpg\" alt=\"\" class=\"wp-image-44\" srcset=\"https:\/\/dreampix.mediaworker.de\/wp-content\/uploads\/sites\/4\/2020\/02\/IMG_2962.jpg 330w, https:\/\/dreampix.mediaworker.de\/wp-content\/uploads\/sites\/4\/2020\/02\/IMG_2962-200x300.jpg 200w\" sizes=\"auto, (max-width: 330px) 100vw, 330px\" \/><\/figure>\n\n\n\n<p><\/p>\n<\/div>\n<\/div>\n<\/div><\/div>\n","protected":false},"excerpt":{"rendered":"","protected":false},"author":1,"featured_media":0,"parent":0,"menu_order":0,"comment_status":"closed","ping_status":"closed","template":"","meta":{"qubely_global_settings":"true","qubely_interactions":"","_uag_custom_page_level_css":"","_coblocks_attr":"","_coblocks_dimensions":"","_coblocks_responsive_height":"","_coblocks_accordion_ie_support":"","ngg_post_thumbnail":0,"ocean_post_layout":"full-width","ocean_both_sidebars_style":"","ocean_both_sidebars_content_width":0,"ocean_both_sidebars_sidebars_width":0,"ocean_sidebar":"0","ocean_second_sidebar":"0","ocean_disable_margins":"enable","ocean_add_body_class":"","ocean_shortcode_before_top_bar":"","ocean_shortcode_after_top_bar":"","ocean_shortcode_before_header":"","ocean_shortcode_after_header":"","ocean_has_shortcode":"","ocean_shortcode_after_title":"","ocean_shortcode_before_footer_widgets":"","ocean_shortcode_after_footer_widgets":"","ocean_shortcode_before_footer_bottom":"","ocean_shortcode_after_footer_bottom":"","ocean_display_top_bar":"default","ocean_display_header":"default","ocean_header_style":"","ocean_center_header_left_menu":"0","ocean_custom_header_template":"0","ocean_custom_logo":0,"ocean_custom_retina_logo":0,"ocean_custom_logo_max_width":0,"ocean_custom_logo_tablet_max_width":0,"ocean_custom_logo_mobile_max_width":0,"ocean_custom_logo_max_height":0,"ocean_custom_logo_tablet_max_height":0,"ocean_custom_logo_mobile_max_height":0,"ocean_header_custom_menu":"0","ocean_menu_typo_font_family":"0","ocean_menu_typo_font_subset":"","ocean_menu_typo_font_size":0,"ocean_menu_typo_font_size_tablet":0,"ocean_menu_typo_font_size_mobile":0,"ocean_menu_typo_font_size_unit":"px","ocean_menu_typo_font_weight":"","ocean_menu_typo_font_weight_tablet":"","ocean_menu_typo_font_weight_mobile":"","ocean_menu_typo_transform":"","ocean_menu_typo_transform_tablet":"","ocean_menu_typo_transform_mobile":"","ocean_menu_typo_line_height":0,"ocean_menu_typo_line_height_tablet":0,"ocean_menu_typo_line_height_mobile":0,"ocean_menu_typo_line_height_unit":"","ocean_menu_typo_spacing":0,"ocean_menu_typo_spacing_tablet":0,"ocean_menu_typo_spacing_mobile":0,"ocean_menu_typo_spacing_unit":"","ocean_menu_link_color":"","ocean_menu_link_color_hover":"","ocean_menu_link_color_active":"","ocean_menu_link_background":"","ocean_menu_link_hover_background":"","ocean_menu_link_active_background":"","ocean_menu_social_links_bg":"","ocean_menu_social_hover_links_bg":"","ocean_menu_social_links_color":"","ocean_menu_social_hover_links_color":"","ocean_disable_title":"on","ocean_disable_heading":"default","ocean_post_title":"","ocean_post_subheading":"","ocean_post_title_style":"","ocean_post_title_background_color":"","ocean_post_title_background":0,"ocean_post_title_bg_image_position":"","ocean_post_title_bg_image_attachment":"","ocean_post_title_bg_image_repeat":"","ocean_post_title_bg_image_size":"","ocean_post_title_height":0,"ocean_post_title_bg_overlay":0.5,"ocean_post_title_bg_overlay_color":"","ocean_disable_breadcrumbs":"off","ocean_breadcrumbs_color":"","ocean_breadcrumbs_separator_color":"","ocean_breadcrumbs_links_color":"","ocean_breadcrumbs_links_hover_color":"","ocean_display_footer_widgets":"default","ocean_display_footer_bottom":"default","ocean_custom_footer_template":"0","_themeisle_gutenberg_block_has_review":false,"footnotes":""},"class_list":["post-43","page","type-page","status-publish","hentry","entry"],"uagb_featured_image_src":{"full":false,"thumbnail":false,"medium":false,"medium_large":false,"large":false,"1536x1536":false,"2048x2048":false,"ocean-thumb-m":false,"ocean-thumb-ml":false,"ocean-thumb-l":false,"qubely_landscape":false,"qubely_portrait":false,"qubely_thumbnail":false,"awb_sm":false,"awb_md":false,"awb_lg":false,"awb_xl":false},"uagb_author_info":{"display_name":"Boss","author_link":"https:\/\/dreampix.mediaworker.de\/author\/boss"},"uagb_comment_info":0,"uagb_excerpt":null,"publishpress_future_action":{"enabled":false,"date":"2026-04-30 14:08:33","action":"change-status","newStatus":"draft","terms":[],"taxonomy":"","extraData":[]},"publishpress_future_workflow_manual_trigger":{"enabledWorkflows":[]},"_links":{"self":[{"href":"https:\/\/dreampix.mediaworker.de\/index.php?rest_route=\/wp\/v2\/pages\/43","targetHints":{"allow":["GET"]}}],"collection":[{"href":"https:\/\/dreampix.mediaworker.de\/index.php?rest_route=\/wp\/v2\/pages"}],"about":[{"href":"https:\/\/dreampix.mediaworker.de\/index.php?rest_route=\/wp\/v2\/types\/page"}],"author":[{"embeddable":true,"href":"https:\/\/dreampix.mediaworker.de\/index.php?rest_route=\/wp\/v2\/users\/1"}],"replies":[{"embeddable":true,"href":"https:\/\/dreampix.mediaworker.de\/index.php?rest_route=%2Fwp%2Fv2%2Fcomments&post=43"}],"version-history":[{"count":31,"href":"https:\/\/dreampix.mediaworker.de\/index.php?rest_route=\/wp\/v2\/pages\/43\/revisions"}],"predecessor-version":[{"id":3908,"href":"https:\/\/dreampix.mediaworker.de\/index.php?rest_route=\/wp\/v2\/pages\/43\/revisions\/3908"}],"wp:attachment":[{"href":"https:\/\/dreampix.mediaworker.de\/index.php?rest_route=%2Fwp%2Fv2%2Fmedia&parent=43"}],"curies":[{"name":"wp","href":"https:\/\/api.w.org\/{rel}","templated":true}]}}